{"id":6100,"date":"2023-07-31T18:22:04","date_gmt":"2023-07-31T18:22:04","guid":{"rendered":"https:\/\/reserva30.org\/?page_id=6100"},"modified":"2024-04-22T17:25:26","modified_gmt":"2024-04-22T17:25:26","slug":"manifiesto","status":"publish","type":"page","link":"https:\/\/reserva30.org\/en\/manifiesto","title":{"rendered":"MANIFEST"},"content":{"rendered":"<div id=\"fws_69f479349af19\"  data-column-margin=\"none\" data-midnight=\"custom\" data-top-percent=\"15%\" data-bottom-percent=\"10%\"  class=\"wpb_row vc_row-fluid vc_row full-width-section parallax_section top_padding_tablet_30pct top_padding_phone_40pct bottom_padding_tablet_30pct bottom_padding_phone_40pct\"  style=\"padding-top: calc(100vw * 0.15); padding-bottom: calc(100vw * 0.10); \"><div class=\"row-bg-wrap\" data-bg-animation=\"zoom-out\" data-bg-animation-delay=\"\" data-bg-overlay=\"true\"><div class=\"inner-wrap row-bg-layer using-image\" ><div class=\"row-bg viewport-desktop using-image using-bg-color\" data-parallax-speed=\"fast\" style=\"background-image: url(https:\/\/reserva30.org\/wp-content\/uploads\/2023\/08\/23112017-01697_MANU_San_Felix231-12017-00208_Manu_San_Felix-7-scaled.jpg); background-position: center center; background-repeat: no-repeat; background-color: #9fc5d0; \"><\/div><\/div><div class=\"row-bg-overlay row-bg-layer\" style=\"background-color:#000000;  opacity: 0.3; \"><\/div><\/div><div class=\"row_col_wrap_12 col span_12 custom left\">\n\t<div style=\" color: #bab5a8;\" class=\"vc_col-sm-12 wpb_column column_container vc_column_container col centered-text no-extra-padding force-phone-text-align-center el_spacing_0px inherit_tablet inherit_phone\" data-cfc=\"true\"  data-padding-pos=\"all\" data-has-bg-color=\"false\" data-bg-color=\"\" data-bg-opacity=\"1\" data-animation=\"\" data-delay=\"0\" >\n\t\t<div class=\"vc_column-inner\" >\n\t\t\t<div class=\"wpb_wrapper\">\n\t\t\t\t<div class=\"nectar-highlighted-text font_size_6vw\" data-style=\"regular_underline\" data-exp=\"default\" data-underline-thickness=\"default\" data-using-custom-color=\"true\" data-animation-delay=\"false\" data-color=\"#ffffff\" data-color-gradient=\"\" style=\"\"><h1 class=\"p1\"><span style=\"color: #ffffff\">The most important place in the Mediterranean<\/span><\/h1>\n<\/div>\n<div class=\"wpb_text_column wpb_content_element\" >\n\t<div class=\"wpb_wrapper\">\n\t\t<div><span style=\"color: #ffffff;\">It is hidden beneath the surface, it is the place where life is born and deserves to be respected.<\/span><\/div>\n\t<\/div>\n<\/div>\n\n\n\n<div id=\"fws_69f479349b770\" data-midnight=\"\" data-column-margin=\"default\" class=\"wpb_row vc_row-fluid vc_row inner_row\"  style=\"padding-top: 10%; \"><div class=\"row-bg-wrap\"> <div class=\"row-bg\" ><\/div> <\/div><div class=\"row_col_wrap_12_inner col span_12  left\">\n\t<div  class=\"vc_col-sm-12 wpb_column column_container vc_column_container col child_column no-extra-padding inherit_tablet inherit_phone\"   data-padding-pos=\"all\" data-has-bg-color=\"false\" data-bg-color=\"\" data-bg-opacity=\"1\" data-animation=\"\" data-delay=\"0\" >\n\t\t<div class=\"vc_column-inner\" >\n\t\t<div class=\"wpb_wrapper\">\n\t\t\t<div class=\"nectar-next-section-wrap bounce alignment_tablet_default alignment_phone_default display_tablet_inherit display_phone_inherit\"  data-animation=\"default\" data-shad=\"none\" data-align=\"left\" data-custom-color=\"false\"><a href=\"#\"  class=\"nectar-next-section skip-hash\"><span class=\"screen-reader-text\">Navigate to the next section<\/span> <i class=\"fa fa-angle-down\"><\/i> <\/a><\/div>\n\t\t<\/div> \n\t<\/div>\n\t<\/div> \n<\/div><\/div>\n\t\t\t<\/div> \n\t\t<\/div>\n\t<\/div> \n<\/div><\/div>\n\t\t<div id=\"fws_69f479349ba0d\"  data-column-margin=\"default\" data-midnight=\"dark\" data-top-percent=\"5%\"  class=\"wpb_row vc_row-fluid vc_row  top_padding_phone_15pct\"  style=\"padding-top: calc(100vw * 0.05); padding-bottom: 0px; \"><div class=\"row-bg-wrap\" data-bg-animation=\"none\" data-bg-animation-delay=\"\" data-bg-overlay=\"false\"><div class=\"inner-wrap row-bg-layer\" ><div class=\"row-bg viewport-desktop\"  style=\"\"><\/div><\/div><\/div><div class=\"row_col_wrap_12 col span_12 dark left\">\n\t<div style=\" color: #000000;\" class=\"vc_col-sm-12 wpb_column column_container vc_column_container col no-extra-padding inherit_tablet inherit_phone\" data-cfc=\"true\"  data-padding-pos=\"all\" data-has-bg-color=\"false\" data-bg-color=\"\" data-bg-opacity=\"1\" data-animation=\"\" data-delay=\"0\" >\n\t\t<div class=\"vc_column-inner\" >\n\t\t\t<div class=\"wpb_wrapper\">\n\t\t\t\t\n<div class=\"wpb_text_column wpb_content_element\" >\n\t<div class=\"wpb_wrapper\">\n\t\t<h3 style=\"text-align: center;\"><span style=\"font-size: 25pt;\">DECLARATION FOR THE MEDITERRANEAN<\/span><\/h3>\n<h4 style=\"text-align: center;\"><i>UNITE FOR THE RECOVERY OF THE MEDITERRANEAN<\/i><\/h4>\n<p>Seventy years ago, the Spanish Mediterranean Sea was a very different place from what we see today. It was home to seals, <em>such as the Mediterranean monk seal,<\/em>sea turtles, sharks, and numerous schools of fish that were caught from the beach, along with extensive posidonia fields housing tens of thousands of nacras.<\/p>\n<p>During that time<span style=\"color: #3d908c;\"><strong> artisanal fishermen caught huge groupers<\/strong><\/span>, and lobsters were frequent in the shallow waters. Nets were filled with spider crabs in spring, and large branches of red coral, hundreds of years old, were common.<\/p>\n<p><span style=\"font-size: 18pt;\">The Egyptians, Phoenicians, Carthaginians, Greeks, and Romans discovered a rich sea where life was bountiful, with ideal conditions for living, making it the cradle of Western culture.<\/span><\/p>\n<p>Villages that depended on the richness of the shallow waters for food sprouted around the coastal bays. However, today, the marine ecosystems of these environments, <span style=\"color: #3d908c;\"><strong>the origin of our Mediterranean life, are on the verge of collapse.<\/strong><\/span>The ideal natural conditions of the Mediterranean have led to the progressive increase in the coastal population in recent decades and the development of tourism. The attraction of the climate, waters, beaches, and gastronomy has transformed the Mediterranean into the world's main tourist destination, with a population of about 1,000,000,000 and <strong>500,000,000 visitors per year.<\/strong>.<\/p>\n<p>This overpopulation has had dire ecological consequences, leading the Mediterranean to an ecological catastrophe and <span style=\"color: #3d908c;\"><strong>deep environmental crisis.<\/strong><\/span>Nowadays, <span style=\"color: #d4b252;\"><strong>our future is at stake<\/strong> <\/span>and<strong><span style=\"color: #d4b252;\"> it is crucial to act.<\/span><\/strong><\/p>\n<ul>\n<li><b><\/b><span style=\"font-size: 20pt;\">More <b>Mediterranean species have disappeared, and some are critically endangered: <\/b><em>monk seals, spider crabs, nacra, seahorses, red coral, etc.<\/em><\/span><\/li>\n<\/ul>\n<ul>\n<li><b><\/b><span style=\"font-size: 20pt;\">_ <b>90% of fisheries are overfished<\/b> putting the fishing sector in an unsustainable situation. Many local fisheries are disappearing due to the scarcity of catches. We have fished 99% of the main shark species, <em>such as the mako shark, hammerhead, and blue shark<\/em>.<\/span><\/li>\n<\/ul>\n<ul>\n<li><b><\/b><span style=\"font-size: 20pt;\">Although numerous marine protected areas have been established in the last few decades, <b>only 0.23% of the Mediterranean Basin is adequately protected.<\/b>.<\/span><\/li>\n<\/ul>\n<ul>\n<li><b><\/b><span style=\"font-size: 20pt;\">Overpopulation has caused<b> a loss of coastal water quality, due to discharges of insufficiently treated water, <\/b>producing the alteration of ecosystems<\/span> An example is The Mar Menor, depicting what can happen in the rest of the Mediterranean.<b>. <\/b><span style=\"font-size: 20pt;\">650,000,000 tons of wastewater are discharged each year,<\/span> (<i>according to the United Nations Environmental Program.<\/i>.<\/li>\n<\/ul>\n<ul>\n<li><b><\/b><span style=\"font-size: 20pt;\">More than <b>a thousand invasive species that have arrived from other seas in recent years <\/b>are transforming the Mediterranean. Some of them are irremediably destabilizing Mediterranean underwater habitats and are successfully progressing by taking advantage of the fragile state of conservation of ecosystems.<\/span><\/li>\n<\/ul>\n<ul>\n<li><b><\/b><span style=\"font-size: 20pt;\">The waters of the Mediterranean are <b>heating up 20% faster<\/b> than the rest of the planet.<\/span><\/li>\n<\/ul>\n<p>For all these reasons, we, the undersigned, request the Spanish government to take urgent and necessary action by\u00a0 <span style=\"font-size: 20pt; color: #3d908c;\"><b>reserving 30% of the Spanish Mediterranean waters<\/b><\/span>and stopping fishing activities in these reserve zones. The objective is to promote the recovery of local fisheries, restore water quality, avoid the collapse of species and ecosystems, and contribute to the absorption of carbon from the atmosphere.<\/p>\n\t<\/div>\n<\/div>\n\n\n\n\n\t\t\t<\/div> \n\t\t<\/div>\n\t<\/div> \n<\/div><\/div>\n\t\t<div id=\"fws_69f479349bfe6\"  data-column-margin=\"default\" data-midnight=\"dark\"  class=\"wpb_row vc_row-fluid vc_row\"  style=\"padding-top: 0px; padding-bottom: 0px; \"><div class=\"row-bg-wrap\" data-bg-animation=\"none\" data-bg-animation-delay=\"\" data-bg-overlay=\"false\"><div class=\"inner-wrap row-bg-layer\" ><div class=\"row-bg viewport-desktop\"  style=\"\"><\/div><\/div><\/div><div class=\"row_col_wrap_12 col span_12 dark left\">\n\t<div  class=\"vc_col-sm-12 wpb_column column_container vc_column_container col centered-text no-extra-padding inherit_tablet inherit_phone\"  data-padding-pos=\"all\" data-has-bg-color=\"false\" data-bg-color=\"\" data-bg-opacity=\"1\" data-animation=\"\" data-delay=\"0\" >\n\t\t<div class=\"vc_column-inner\" >\n\t\t\t<div class=\"wpb_wrapper\">\n\t\t\t\t<a class=\"nectar-button jumbo regular extra-color-1 has-icon  regular-button\"  role=\"button\" style=\"\"  href=\"https:\/\/chng.it\/gwJnLphDdW\" data-color-override=\"false\" data-hover-color-override=\"false\" data-hover-text-color-override=\"#fff\"><span>Sign now<\/span><i  class=\"fa fa-pencil-square-o\"><\/i><\/a>\n\t\t\t<\/div> \n\t\t<\/div>\n\t<\/div> \n<\/div><\/div>","protected":false},"excerpt":{"rendered":"El lugar m\u00e1s importante del Mediterr\u00e1neo Est\u00e1 escondido bajo la superficie, es el lugar d\u00f3nde nace la vida y merece ser respetado. Navigate to the next section DECLARACI\u00d3N POR EL...","protected":false},"author":1,"featured_media":0,"parent":0,"menu_order":0,"comment_status":"closed","ping_status":"closed","template":"","meta":{"footnotes":""},"class_list":["post-6100","page","type-page","status-publish"],"yoast_head":"<!-- This site is optimized with the Yoast SEO plugin v23.1 - https:\/\/yoast.com\/wordpress\/plugins\/seo\/ -->\n<title>DECLARACI\u00d3N - RESERVA 30<\/title>\n<meta name=\"description\" content=\"\u00danete por la recuperaci\u00f3n del Mediterr\u00e1neo y firma el manifiesto para proteger el 30% del Mediterr\u00e1neo.\" \/>\n<meta name=\"robots\" content=\"index, follow, max-snippet:-1, max-image-preview:large, max-video-preview:-1\" \/>\n<link rel=\"canonical\" href=\"https:\/\/reserva30.org\/en\/manifiesto\/\" \/>\n<meta property=\"og:locale\" content=\"en_GB\" \/>\n<meta property=\"og:type\" content=\"article\" \/>\n<meta property=\"og:title\" content=\"DECLARACI\u00d3N - RESERVA 30\" \/>\n<meta property=\"og:description\" content=\"\u00danete por la recuperaci\u00f3n del Mediterr\u00e1neo y firma el manifiesto para proteger el 30% del Mediterr\u00e1neo.\" \/>\n<meta property=\"og:url\" content=\"https:\/\/reserva30.org\/en\/manifiesto\/\" \/>\n<meta property=\"og:site_name\" content=\"RESERVA 30\" \/>\n<meta property=\"article:modified_time\" content=\"2024-04-22T17:25:26+00:00\" \/>\n<meta name=\"twitter:card\" content=\"summary_large_image\" \/>\n<meta name=\"twitter:label1\" content=\"Estimated reading time\" \/>\n\t<meta name=\"twitter:data1\" content=\"4 minutes\" \/>\n<script type=\"application\/ld+json\" class=\"yoast-schema-graph\">{\"@context\":\"https:\/\/schema.org\",\"@graph\":[{\"@type\":\"WebPage\",\"@id\":\"https:\/\/reserva30.org\/manifiesto\",\"url\":\"https:\/\/reserva30.org\/manifiesto\",\"name\":\"DECLARACI\u00d3N - RESERVA 30\",\"isPartOf\":{\"@id\":\"https:\/\/reserva30.org\/#website\"},\"datePublished\":\"2023-07-31T18:22:04+00:00\",\"dateModified\":\"2024-04-22T17:25:26+00:00\",\"description\":\"\u00danete por la recuperaci\u00f3n del Mediterr\u00e1neo y firma el manifiesto para proteger el 30% del Mediterr\u00e1neo.\",\"breadcrumb\":{\"@id\":\"https:\/\/reserva30.org\/manifiesto#breadcrumb\"},\"inLanguage\":\"en-GB\",\"potentialAction\":[{\"@type\":\"ReadAction\",\"target\":[\"https:\/\/reserva30.org\/manifiesto\"]}]},{\"@type\":\"BreadcrumbList\",\"@id\":\"https:\/\/reserva30.org\/manifiesto#breadcrumb\",\"itemListElement\":[{\"@type\":\"ListItem\",\"position\":1,\"name\":\"Home\",\"item\":\"https:\/\/reserva30.org\/\"},{\"@type\":\"ListItem\",\"position\":2,\"name\":\"DECLARACI\u00d3N\"}]},{\"@type\":\"WebSite\",\"@id\":\"https:\/\/reserva30.org\/#website\",\"url\":\"https:\/\/reserva30.org\/\",\"name\":\"Reserva 30 del Mediterr\u00e1neo\",\"description\":\"\",\"publisher\":{\"@id\":\"https:\/\/reserva30.org\/#organization\"},\"potentialAction\":[{\"@type\":\"SearchAction\",\"target\":{\"@type\":\"EntryPoint\",\"urlTemplate\":\"https:\/\/reserva30.org\/?s={search_term_string}\"},\"query-input\":\"required name=search_term_string\"}],\"inLanguage\":\"en-GB\"},{\"@type\":\"Organization\",\"@id\":\"https:\/\/reserva30.org\/#organization\",\"name\":\"Reserva 30 del Mediterr\u00e1neo\",\"alternateName\":\"Reserva 30\",\"url\":\"https:\/\/reserva30.org\/\",\"logo\":{\"@type\":\"ImageObject\",\"inLanguage\":\"en-GB\",\"@id\":\"https:\/\/reserva30.org\/#\/schema\/logo\/image\/\",\"url\":\"https:\/\/reserva30.org\/wp-content\/uploads\/2023\/09\/Disen\u0303o-sin-ti\u0301tulo-2345.png\",\"contentUrl\":\"https:\/\/reserva30.org\/wp-content\/uploads\/2023\/09\/Disen\u0303o-sin-ti\u0301tulo-2345.png\",\"width\":512,\"height\":512,\"caption\":\"Reserva 30 del Mediterr\u00e1neo\"},\"image\":{\"@id\":\"https:\/\/reserva30.org\/#\/schema\/logo\/image\/\"},\"sameAs\":[\"https:\/\/www.instagram.com\/reserva30mediterraneo\/?hl=es\"]}]}<\/script>\n<!-- \/ Yoast SEO plugin. -->","yoast_head_json":{"title":"DECLARACI\u00d3N - RESERVA 30","description":"\u00danete por la recuperaci\u00f3n del Mediterr\u00e1neo y firma el manifiesto para proteger el 30% del Mediterr\u00e1neo.","robots":{"index":"index","follow":"follow","max-snippet":"max-snippet:-1","max-image-preview":"max-image-preview:large","max-video-preview":"max-video-preview:-1"},"canonical":"https:\/\/reserva30.org\/en\/manifiesto\/","og_locale":"en_GB","og_type":"article","og_title":"DECLARACI\u00d3N - RESERVA 30","og_description":"\u00danete por la recuperaci\u00f3n del Mediterr\u00e1neo y firma el manifiesto para proteger el 30% del Mediterr\u00e1neo.","og_url":"https:\/\/reserva30.org\/en\/manifiesto\/","og_site_name":"RESERVA 30","article_modified_time":"2024-04-22T17:25:26+00:00","twitter_card":"summary_large_image","twitter_misc":{"Estimated reading time":"4 minutes"},"schema":{"@context":"https:\/\/schema.org","@graph":[{"@type":"WebPage","@id":"https:\/\/reserva30.org\/manifiesto","url":"https:\/\/reserva30.org\/manifiesto","name":"DECLARACI\u00d3N - RESERVA 30","isPartOf":{"@id":"https:\/\/reserva30.org\/#website"},"datePublished":"2023-07-31T18:22:04+00:00","dateModified":"2024-04-22T17:25:26+00:00","description":"\u00danete por la recuperaci\u00f3n del Mediterr\u00e1neo y firma el manifiesto para proteger el 30% del Mediterr\u00e1neo.","breadcrumb":{"@id":"https:\/\/reserva30.org\/manifiesto#breadcrumb"},"inLanguage":"en-GB","potentialAction":[{"@type":"ReadAction","target":["https:\/\/reserva30.org\/manifiesto"]}]},{"@type":"BreadcrumbList","@id":"https:\/\/reserva30.org\/manifiesto#breadcrumb","itemListElement":[{"@type":"ListItem","position":1,"name":"Home","item":"https:\/\/reserva30.org\/"},{"@type":"ListItem","position":2,"name":"DECLARACI\u00d3N"}]},{"@type":"WebSite","@id":"https:\/\/reserva30.org\/#website","url":"https:\/\/reserva30.org\/","name":"Reserva 30 del Mediterr\u00e1neo","description":"","publisher":{"@id":"https:\/\/reserva30.org\/#organization"},"potentialAction":[{"@type":"SearchAction","target":{"@type":"EntryPoint","urlTemplate":"https:\/\/reserva30.org\/?s={search_term_string}"},"query-input":"required name=search_term_string"}],"inLanguage":"en-GB"},{"@type":"Organization","@id":"https:\/\/reserva30.org\/#organization","name":"Reserva 30 del Mediterr\u00e1neo","alternateName":"Reserva 30","url":"https:\/\/reserva30.org\/","logo":{"@type":"ImageObject","inLanguage":"en-GB","@id":"https:\/\/reserva30.org\/#\/schema\/logo\/image\/","url":"https:\/\/reserva30.org\/wp-content\/uploads\/2023\/09\/Disen\u0303o-sin-ti\u0301tulo-2345.png","contentUrl":"https:\/\/reserva30.org\/wp-content\/uploads\/2023\/09\/Disen\u0303o-sin-ti\u0301tulo-2345.png","width":512,"height":512,"caption":"Reserva 30 del Mediterr\u00e1neo"},"image":{"@id":"https:\/\/reserva30.org\/#\/schema\/logo\/image\/"},"sameAs":["https:\/\/www.instagram.com\/reserva30mediterraneo\/?hl=es"]}]}},"_links":{"self":[{"href":"https:\/\/reserva30.org\/en\/wp-json\/wp\/v2\/pages\/6100","targetHints":{"allow":["GET"]}}],"collection":[{"href":"https:\/\/reserva30.org\/en\/wp-json\/wp\/v2\/pages"}],"about":[{"href":"https:\/\/reserva30.org\/en\/wp-json\/wp\/v2\/types\/page"}],"author":[{"embeddable":true,"href":"https:\/\/reserva30.org\/en\/wp-json\/wp\/v2\/users\/1"}],"replies":[{"embeddable":true,"href":"https:\/\/reserva30.org\/en\/wp-json\/wp\/v2\/comments?post=6100"}],"version-history":[{"count":29,"href":"https:\/\/reserva30.org\/en\/wp-json\/wp\/v2\/pages\/6100\/revisions"}],"predecessor-version":[{"id":6547,"href":"https:\/\/reserva30.org\/en\/wp-json\/wp\/v2\/pages\/6100\/revisions\/6547"}],"wp:attachment":[{"href":"https:\/\/reserva30.org\/en\/wp-json\/wp\/v2\/media?parent=6100"}],"curies":[{"name":"wp","href":"https:\/\/api.w.org\/{rel}","templated":true}]}}